{"id":11071,"date":"2025-04-07T18:08:34","date_gmt":"2025-04-07T16:08:34","guid":{"rendered":"https:\/\/www.premium-modelcars.de\/impressum\/"},"modified":"2025-08-28T17:59:30","modified_gmt":"2025-08-28T15:59:30","slug":"aviso-legal","status":"publish","type":"page","link":"https:\/\/www.premium-modelcars.de\/es\/aviso-legal\/","title":{"rendered":"Aviso legal"},"content":{"rendered":"\t\t<div data-elementor-type=\"wp-page\" data-elementor-id=\"11071\" class=\"elementor elementor-11071 elementor-4565\">\n\t\t\t\t<div class=\"elementor-element elementor-element-2d630a21 e-flex e-con-boxed e-con e-parent\" data-id=\"2d630a21\" data-element_type=\"container\" data-e-type=\"container\">\r\n\t\t\t\t\t<div class=\"e-con-inner\">\r\n\t\t\t\t<div class=\"elementor-element elementor-element-8c3e65a elementor-widget elementor-widget-text-editor\" data-id=\"8c3e65a\" data-element_type=\"widget\" data-e-type=\"widget\" data-widget_type=\"text-editor.default\">\n\t\t\t\t<div class=\"elementor-widget-container\">\n\t\t\t\t\t\t\t\t\t<h1>Aviso legal<\/h1><h2>Reconocimiento legal del oferente:<\/h2><p><strong>Timo Sch\u00e4fer<\/strong><br \/><strong>Premium-Modelcars <\/strong><br \/><strong>Stuttgarter Str. 1<\/strong><br \/><strong>71706 Schwieberdingen<\/strong><br \/><strong>Alemania<\/strong><\/p><p><strong>Tel\u00e9fono: 0152 53720416<\/strong><\/p><p><strong>E-Mail: info@premium-modelcars.de<\/strong><\/p><p><strong>Identificaci\u00f3n tributaria del impuesto a las ganancias: DE294062416<\/strong><\/p>\t\t\t\t\t\t\t\t<\/div>\n\t\t\t\t<\/div>\n\t\t\t\t<div class=\"elementor-element elementor-element-3639022 elementor-widget elementor-widget-text-editor\" data-id=\"3639022\" data-element_type=\"widget\" data-e-type=\"widget\" data-widget_type=\"text-editor.default\">\n\t\t\t\t<div class=\"elementor-widget-container\">\n\t\t\t\t\t\t\t\t\t<p>No tenemos la voluntad ni la obligaci\u00f3n de participar en procedimientos de resoluci\u00f3n de litigios ante \u00f3rganos de arbitraje de consumidores.<\/p><p><strong>Somos miembros de la iniciativa \u00ab FairCommerce \u00bb desde 08.09.2015.<\/strong><br \/>Para m\u00e1s informaci\u00f3n, consulte: <a href=\"https:\/\/www.haendlerbund.de\/de\/haendlerbund\/interessenvertretung\/faircommerce\">www.haendlerbund.de\/faircommerce<\/a>.<\/p>\t\t\t\t\t\t\t\t<\/div>\n\t\t\t\t<\/div>\n\t\t\t\t\t<\/div>\n\t\t\t\t<\/div>\n\t\t\t\t<\/div>\n\t\t","protected":false},"excerpt":{"rendered":"<p>Aviso legal Reconocimiento legal del oferente: Timo Sch\u00e4ferPremium-Modelcars Stuttgarter Str. 171706 SchwieberdingenAlemania Tel\u00e9fono: 0152 53720416 E-Mail: info@premium-modelcars.de Identificaci\u00f3n tributaria del impuesto a las ganancias: DE294062416 No tenemos la voluntad ni la obligaci\u00f3n de participar en procedimientos de resoluci\u00f3n de litigios ante \u00f3rganos de arbitraje de consumidores. Somos miembros de la iniciativa \u00ab FairCommerce \u00bb desde [&hellip;]<\/p>\n","protected":false},"author":1,"featured_media":0,"parent":0,"menu_order":0,"comment_status":"closed","ping_status":"closed","template":"","meta":{"footnotes":""},"class_list":["post-11071","page","type-page","status-publish","hentry"],"_links":{"self":[{"href":"https:\/\/www.premium-modelcars.de\/es\/wp-json\/wp\/v2\/pages\/11071","targetHints":{"allow":["GET"]}}],"collection":[{"href":"https:\/\/www.premium-modelcars.de\/es\/wp-json\/wp\/v2\/pages"}],"about":[{"href":"https:\/\/www.premium-modelcars.de\/es\/wp-json\/wp\/v2\/types\/page"}],"author":[{"embeddable":true,"href":"https:\/\/www.premium-modelcars.de\/es\/wp-json\/wp\/v2\/users\/1"}],"replies":[{"embeddable":true,"href":"https:\/\/www.premium-modelcars.de\/es\/wp-json\/wp\/v2\/comments?post=11071"}],"version-history":[{"count":26,"href":"https:\/\/www.premium-modelcars.de\/es\/wp-json\/wp\/v2\/pages\/11071\/revisions"}],"predecessor-version":[{"id":427514,"href":"https:\/\/www.premium-modelcars.de\/es\/wp-json\/wp\/v2\/pages\/11071\/revisions\/427514"}],"wp:attachment":[{"href":"https:\/\/www.premium-modelcars.de\/es\/wp-json\/wp\/v2\/media?parent=11071"}],"curies":[{"name":"wp","href":"https:\/\/api.w.org\/{rel}","templated":true}]}}