{"id":11082,"date":"2025-04-24T16:00:45","date_gmt":"2025-04-24T14:00:45","guid":{"rendered":"https:\/\/www.premium-modelcars.de\/agb\/"},"modified":"2025-08-28T18:09:00","modified_gmt":"2025-08-28T16:09:00","slug":"cgc","status":"publish","type":"page","link":"https:\/\/www.premium-modelcars.de\/es\/cgc\/","title":{"rendered":"CGC"},"content":{"rendered":"\t\t<div data-elementor-type=\"wp-page\" data-elementor-id=\"11082\" class=\"elementor elementor-11082 elementor-4809\">\n\t\t\t\t<div class=\"elementor-element elementor-element-fc1af5d e-flex e-con-boxed e-con e-parent\" data-id=\"fc1af5d\" data-element_type=\"container\" data-e-type=\"container\">\r\n\t\t\t\t\t<div class=\"e-con-inner\">\r\n\t\t\t\t<div class=\"elementor-element elementor-element-c729d9c elementor-widget elementor-widget-text-editor\" data-id=\"c729d9c\" data-element_type=\"widget\" data-e-type=\"widget\" data-widget_type=\"text-editor.default\">\n\t\t\t\t<div class=\"elementor-widget-container\">\n\t\t\t\t\t\t\t\t\t<h1>Condiciones Generales de Contrataci\u00f3n e informaciones del cliente<\/h1><h2>I. Condiciones Generales de la Contrataci\u00f3n<\/h2><h3>\u00a7 1 Disposiciones b\u00e1sicas<\/h3><p>(1) Los t\u00e9rminos y condiciones detallados a continuaci\u00f3n rigen para todos los contratos que usted celebre con nosotros como proveedor (Timo Sch\u00e4fer) a trav\u00e9s del sitio de internet www.premium-modelcars.de. Siempre que no se haya acordado lo contrario, la inclusi\u00f3n de condiciones que usted eventualmente utilice ser\u00e1 rechazada.<\/p><p>(2) Seg\u00fan las regulaciones que figuran a continuaci\u00f3n, se entiende por \u00abconsumidor\u00bb cualquier persona natural que celebre un negocio jur\u00eddico con fines que no puedan atribuirse ni a su actividad comercial ni a su actividad profesional particular. Por \u00abempresario\u00bb se entiende cualquier persona natural o jur\u00eddica o bien una sociedad personalista con capacidad jur\u00eddica que act\u00fae en la ejercitaci\u00f3n de su actividad comercial o profesional particular al celebrar un negocio jur\u00eddico.<\/p><h3>\u00a7 2 Perfeccionamiento del contrato<\/h3><p>(1) El objeto del contrato es la venta de mercanc\u00edas .<\/p><p>(2) Al seleccionar el producto correspondiente en nuestra p\u00e1gina web, le proponemos una oferta vinculante para la conclusi\u00f3n de un contrato a trav\u00e9s del sistema de cesta de compra online bajo las condiciones indicadas en la descripci\u00f3n del art\u00edculo.<\/p><p>(3) <br \/>El contrato se celebra a trav\u00e9s del sistema de carrito de compras en l\u00ednea de la siguiente manera: <br \/>los productos destinados a la compra se colocan en el \u00abcarrito de compra\u00bb. Puede utilizar el bot\u00f3n correspondiente en la barra de navegaci\u00f3n para abrir el \u00abcarrito de compras\u00bb y all\u00ed realizar modificaciones en cualquier momento. <br \/>Despu\u00e9s de hacer clic en el bot\u00f3n \u00abPagar\u00bb o \u00abIr al pedido\u00bb (o similar) e ingresar sus datos personales y las condiciones de pago y env\u00edo, se le mostrar\u00e1n los datos de la orden en forma de resumen.<\/p><p>Si utiliza un sistema de pago inmediato como m\u00e9todo de pago (p. ej., z.B. PayPal (Express\/Plus\/Checkout), Amazon Pay, Sofort), ser\u00e1 dirigido a la p\u00e1gina sin\u00f3ptica del pedido en nuestra tienda online o remitido a la p\u00e1gina web del proveedor del sistema de pago instant\u00e1neo. <br \/>Si se le reenv\u00eda al sistema de pago instant\u00e1neo, realice all\u00ed la selecci\u00f3n o la entrada apropiada de sus datos. Finalmente, en la p\u00e1gina web del proveedor del sistema de pago instant\u00e1neo o tras ser redirigido a nuestra tienda online podr\u00e1 visualizar los datos del pedido en la p\u00e1gina sin\u00f3ptica del pedido. Antes de enviar el pedido, tiene la posibilidad de volver a revisar la informaci\u00f3n en el resumen del pedido, modificarla (tambi\u00e9n usando la funci\u00f3n \u00abatr\u00e1s\u00bb del navegador de Internet) o cancelar el pedido.Al enviar el pedido a trav\u00e9s del bot\u00f3n correspondiente (\u00abrealizar pedido con obligaci\u00f3n de pago\u00bb, \u00abcomprar\u00bb \/ \u00abcomprar ahora\u00bb, \u00abrealizar pedido con cargo\u00bb, \u00abpagar\u00bb \/ \u00abpagar ahora\u00bb o similar), usted declara su aceptaci\u00f3n de la oferta de forma legalmente vinculante, con lo cual se celebra el contrato.<\/p><p>(4) Sus consultas con el objetivo de efectuar una oferta dirigidas a nosotros no son vinculantes para Usted. Para ello le haremos una oferta vinculante en forma de texto (p. ej., correo electr\u00f3nico) que podr\u00e1 aceptar dentro de un per\u00edodo de 5 d\u00edas.<\/p><p>(5) La ejecuci\u00f3n del pedido y el env\u00edo de toda la informaci\u00f3n necesaria relacionada con la conclusi\u00f3n del contrato tendr\u00e1 lugar por correo electr\u00f3nico, en parte emitido autom\u00e1ticamente. Por dicho motivo, deber\u00e1 asegurarse de que la direcci\u00f3n de correo electr\u00f3nico que nos facilit\u00f3 sea correcta, que quede asegurada la recepci\u00f3n de los correos electr\u00f3nicos desde el punto de vista t\u00e9cnico y, especialmente, que dicha recepci\u00f3n no se vea obstaculizada por el filtro SPAM.<\/p><h3>\u00a7 3 Acuerdos especiales sobre los m\u00e9todos de pago ofertados<\/h3><p>(1) Pago a trav\u00e9s de \u00abPayPal\u00bb \/ \u00abPaypal Checkout\u00bb Al seleccionar el m\u00e9todo de pago que se ofrece a trav\u00e9s de \u00abPayPal\u00bb \/ \u00abPaypal Checkout\u00bb, el pago ser\u00e1 procesado mediante el proveedor de servicios de pago PayPal (Europe) S.\u00e0.r.l. et Cie, S.C.A. (22-24 Boulevard Royal L-2449, Luxemburgo; \u00abPayPal\u00bb). Los diferentes m\u00e9todos de pago a trav\u00e9s de \u00abPayPal\u00bb se muestran en el bot\u00f3n correspondiente de nuestro sitio web y en el proceso de orden en l\u00ednea. \u00abPayPal\u00bb puede servirse de otros servicios de pago para procesar pagos; si se aplican condiciones de pago especiales, estas se le informar\u00e1n por separado. Para m\u00e1s informaci\u00f3n acerca de \u00abPayPal\u00bb, visite el sitio web <a href=\"https:\/\/www.paypal.com\/de\/webapps\/mpp\/ua\/legalhub-full\">https:\/\/www.paypal.com\/de\/webapps\/mpp\/ua\/legalhub-full<\/a>.<\/p><h3>\u00a7 4 Derecho de retenci\u00f3nt, reserva de propiedad<\/h3><p>(1) Solo podr\u00e1 ejercitar un derecho de retenci\u00f3n cuando se trate de pretensiones derivadas de la misma relaci\u00f3n contractual.<\/p><p>(2) La mercanc\u00eda seguir\u00e1 siendo de nuestra propiedad hasta que se produzca el pago \u00edntegro del precio de compra.<\/p><p>(3) Si Usted es un empresario, tendr\u00e1 validez de forma complementaria lo siguiente:<\/p><p>a) Nos reservamos la propiedad de la mercanc\u00eda hasta que se produzca la compensaci\u00f3n \u00edntegra de todas las pretensiones derivadas de la relaci\u00f3n comercial en curso. Antes de producirse la transmisi\u00f3n de la propiedad de la mercanc\u00eda retenida no se permite la daci\u00f3n en prenda ni la transmisi\u00f3n en garant\u00eda de la misma.<\/p><p>b) Usted puede vender ulteriormente la mercanc\u00eda dentro del curso ordinario de los negocios. Para este caso, usted nos cede desde este momento todas las pretensiones derivadas de la venta ulterior por el alcance del importe de la factura. Nosotros aceptamos la cesi\u00f3n. Adicionalmente, Usted est\u00e1 autorizado a cobrar la pretensi\u00f3n. No obstante, en caso de que no cumpla debidamente sus obligaciones de pago, nos reservamos el derecho de cobrar la pretensi\u00f3n por nosotros mismos.<\/p><p>c) En caso de combinaci\u00f3n y mezcla de la mercanc\u00eda retenida, adquiriremos la con-propiedad del producto nuevo en proporci\u00f3n al valor de la factura de la mercanc\u00eda retenida respecto al resto de objetos procesados en el momento del procesamiento.<\/p><p>d) Nos comprometemos a liberar las garant\u00edas que le correspondan ante su petici\u00f3n siempre que el valor realizable de nuestras garant\u00edas supere la pretensi\u00f3n a asegurar en m\u00e1s del 10%. La selecci\u00f3n de las garant\u00edas a liberar nos corresponde a nosotros.<\/p><h3>\u00a7 5 Prestaci\u00f3n de garant\u00eda<\/h3><p>(1) Rigen los derechos legales de responsabilidad por vicios.<\/p><p>(2) En la medida en que se le informe de ello antes de la presentaci\u00f3n de la declaraci\u00f3n contractual por nuestra parte y esto se haya acordado expresamente y por separado, el plazo de prescripci\u00f3n para reclamaciones por defectos en el caso de productos usados ser\u00e1 de un a\u00f1o a partir de la entrega de la mercanc\u00eda. La restricci\u00f3n anterior no se aplica:<\/p><p>&#8211; por da\u00f1os causados de forma culpable imputables a nosotros por lesiones a la vida, al cuerpo o a la salud y por otros da\u00f1os causados por dolo o negligencia grave;<br \/>&#8211; en la medida en que hayamos ocultado maliciosamente el defecto o hayamos asumido una garant\u00eda de la calidad de la mercanc\u00eda.<\/p><p>(3) Como consumidor, se le ruega comprobar sin demora la integridad, la ausencia de vicios patentes y de da\u00f1os de transporte en la mercanc\u00eda en el momento del suministro, as\u00ed como comunicarnos cualquier reclamaci\u00f3n lo antes posible y al agente expedidor. En caso de que no cumpla con dicha obligaci\u00f3n, ello no tendr\u00e1 consecuencias sobre sus derechos legales de prestaci\u00f3n de garant\u00eda.<\/p><p>(4) En tanto una caracter\u00edstica de la mercanc\u00eda difiera de los requisitos objetivos, tal diferencia solo se considerar\u00e1 acordada si usted fue informado por nosotros antes de presentar la declaraci\u00f3n del contrato y la diferencia fue acordada entre las partes contratantes de forma expresa y por separado.<\/p><p>(5) <br \/>No obstante lo dispuesto en las regulaciones de garant\u00eda, en el caso de empresas se aplica lo siguiente:<\/p><p>a) Se considerar\u00e1n cualidades de la mercanc\u00eda solamente datos nuestros y descripciones del fabricante, no as\u00ed la publicidad, promociones p\u00fablicas ni declaraciones del fabricante.<\/p><p>b) En caso de defectos, responderemos a nuestra discreci\u00f3n mediante reparaci\u00f3n del defecto o reposici\u00f3n de la mercanc\u00eda. Si la subsanaci\u00f3n del defecto fallase, usted podr\u00e1 optar por exigir una reducci\u00f3n del precio o rescindir el contrato. La subsanaci\u00f3n se considerar\u00e1 fracasada luego de dos intentos infructuosos, a menos que resulte algo m\u00e1s, en particular por el tipo de mercanc\u00eda, de defecto u otras circunstancias. En caso de reparaci\u00f3n, no estamos obligados a asumir el aumento de los gastos que surjan del env\u00edo de la mercanc\u00eda a un lugar distinto del lugar de cumplimiento, si el env\u00edo no corresponde al uso previsto de la mercanc\u00eda.<\/p><p>c) El plazo de garant\u00eda es de un a\u00f1o a partir de la entrega de la mercanc\u00eda. La reducci\u00f3n del plazo no se aplica:<\/p><p>&#8211; en caso de da\u00f1os causados de forma culposa imputables a nosotros por lesiones a la vida, al cuerpo o a la salud y en el caso de otros da\u00f1os causados por dolo o negligencia grave; <br \/>&#8211; en la medida en que hayamos ocultado maliciosamente el defecto o hayamos asumido una garant\u00eda sobre la calidad de la cosa; <br \/>&#8211; en caso de cosas que se hayan utilizado para una construcci\u00f3n conforme a su modo habitual de uso y hayan provocado defectos en tal construcci\u00f3n; <br \/>&#8211; en caso de tener derechos a presentar recursos frente a nosotros en relaci\u00f3n con el reclamo por defectos.<\/p><h3>\u00a7 6 Acuerdo sobre el derecho aplicable<\/h3><p>(1) Ser\u00e1 de aplicaci\u00f3n el Derecho alem\u00e1n. En caso de consumidores, este acuerdo sobre el derecho aplicable solo ser\u00e1 v\u00e1lido siempre que no se revoque por ello la protecci\u00f3n conferida por las disposiciones imperativas del derecho del estado correspondiente al lugar de residencia habitual del consumidor (principio de la norma m\u00e1s favorable).<\/p><p>(2) Las disposiciones de la convenci\u00f3n de las Naciones Unidas sobre los contratos de compraventa internacional de mercader\u00edas no ser\u00e1n de aplicaci\u00f3n de forma expresa.<\/p><h2>II. Informaci\u00f3n para el cliente<\/h2><h3>1. Identidad del vendedor<\/h3><p>Timo Sch\u00e4fer<br \/>Stuttgarter Str. 1<br \/>71706 Schwieberdingen<br \/>Alemania<br \/>Tel\u00e9fono: 0152 53720416<br \/>E-Mail: info@premium-modelcars.de<\/p><p>No tenemos la voluntad ni la obligaci\u00f3n de participar en procedimientos de resoluci\u00f3n de litigios ante \u00f3rganos de arbitraje de consumidores.<\/p><h3>2. Informaci\u00f3n sobre el perfeccionamiento del contrato<\/h3><p>Los pasos t\u00e9cnicos a la conclusi\u00f3n de un contrato, la conclusi\u00f3n del contrato misma y las posibilidades de correcci\u00f3n se realizan seg\u00fan las disposiciones legales \u00abCumplimiento del contrato\u00bb de las Condiciones Generales (Parte I).<\/p><h3>3. Idioma del contrato, conservaci\u00f3n del texto del contrato<\/h3><p>3.1 El idioma del contrato es el espa\u00f1ol.<\/p><p>3.2 Nosotros no conservaremos el texto \u00edntegro del contrato. Antes de efectuar el env\u00edo del pedido, sobre el sistema de bolso online es posible imprimir los datos del contrato mediante la funci\u00f3n de impresi\u00f3n del navegador o guardarlos electr\u00f3nicamente. Una vez que recibamos el pedido, Usted recibir\u00e1 de nuevo por correo electr\u00f3nico los datos del pedido, la informaci\u00f3n prescrita legalmente para los contratos de venta a distancia y las Condiciones Generales de la Contrataci\u00f3n.<\/p><p>3.3 Para consultas sobre ofertas fuera del sistema de cesta de compras online, recibir\u00e1 todos los datos contractuales enviados en forma de texto (p.ej., E-Mail) en el marco de una oferta vinculante, los cuales pueden imprimirlos o archivarlos de modo electr\u00f3nico.<\/p><h3>4. Caracter\u00edsticas esenciales de la mercanc\u00eda o servicio<\/h3><p>Las caracter\u00edsticas esenciales de la mercanc\u00eda y\/o de la prestaci\u00f3n de servicio las encontrar\u00e1 en la correspondiente oferta.<\/p><h3>5. Precios y modalidades de pago<\/h3><p>5.1 Los precios indicados en las ofertas correspondientes as\u00ed como los gastos de env\u00edo son precios totales. Estos precios incluyen todos los componentes del precio incluyendo todos los impuestos devengados.<\/p><p>5.2 Los gastos de env\u00edo derivados no est\u00e1n incluidos en el precio de compra. Se pueden llamar a trav\u00e9s de un bot\u00f3n designado en correspondencia en nuestro sitio en Internet o en la respectiva oferta, se hacen constar aparte en el transcurso del proceso de pedido y corren adicionalmente por su cuenta, siempre y cuando que no se haya prometido el suministro libre de costes de env\u00edo.<br \/>5.3 Si la entrega se realiza a pa\u00edses fuera de la Uni\u00f3n Europea, podemos incurrir en costes adicionales de los que no somos responsables, tales como los derechos de aduana, impuestos o tasas de transferencia de dinero (cargos por transferencia o por cambio de moneda de las entidades de cr\u00e9dito), que deben ser sufragados por usted. <br \/>5.4 Cualquier gasto incurrido por la transferencia de dinero correr\u00e1 a cargo de usted, incluso si la mercanc\u00eda se entrega a un Estado miembro de la UE, pero el pago se haya acordado fuera de la Uni\u00f3n Europea.<\/p><p>5.5 Los modos de pago que tiene a disposici\u00f3n se hacen constar bajo un bot\u00f3n designado en correspondencia en nuestro sitio en Internet o en la respectiva oferta.<\/p><p>5.6 Siempre que no se indique lo contrario en cada una de las modalidades de pago, los derechos a pago derivados del contrato celebrado ser\u00e1n pagaderos de inmediato.<\/p><h3>6. Condiciones de suministro<\/h3><p>6.1 Las condiciones de suministro, la fecha de entrega as\u00ed como las limitaciones de suministro que puedan existir, las encontrar\u00e1 pulsando un bot\u00f3n designado en correspondencia en nuestro sitio en Internet o en la respectiva oferta.<\/p><p>6.2 Siempre que Usted sea consumidor queda regulado legalmente que el riesgo de p\u00e9rdida fortuita y deterioro fortuito del producto vendido durante el env\u00edo se le transmite una vez que se produzca la entrega de la mercanc\u00eda, independientemente de si el env\u00edo se realiza con o sin asegurar. Esto no tendr\u00e1 validez cuando Usted haya designado de forma aut\u00f3noma a una empresa de transportes o una persona que no haya sido designada por nosotros para la ejecuci\u00f3n del env\u00edo.<\/p><p>Si Usted es empresario, el env\u00edo y suministro se realizan bajo su propio riesgo.<\/p><h3>7. Derecho legal de responsabilidad por vicios<\/h3><p>La responsabilidad por defectos se basa en la normativa de \u00abGarant\u00eda\u00bb de nuestros T\u00e9rminos y Condiciones Generales (Parte I).<\/p><p>Estas CGC y la informaci\u00f3n para el cliente han sido elaboradas por juristas de la empresa H\u00e4ndlerbund especializados en derecho de la tecnolog\u00eda de la informaci\u00f3n, y son revisadas permanentemente para garantizar que se ajustan a derecho. La empresa H\u00e4ndlerbund Management AG garantiza la seguridad jur\u00eddica de los textos y responde en caso de amonestaciones. En la siguiente direcci\u00f3n encontrar\u00e1 informaci\u00f3n m\u00e1s detallada al respecto: <a href=\"https:\/\/www.haendlerbund.de\/de\/leistungen\/rechtssicherheit\/agb-service\">https:\/\/www.haendlerbund.de\/de\/leistungen\/rechtssicherheit\/agb-service<\/a>.<\/p><p>\u00faltima actualizaci\u00f3n: 22.10.2024<\/p>\t\t\t\t\t\t\t\t<\/div>\n\t\t\t\t<\/div>\n\t\t\t\t\t<\/div>\n\t\t\t\t<\/div>\n\t\t\t\t<\/div>\n\t\t","protected":false},"excerpt":{"rendered":"<p>Condiciones Generales de Contrataci\u00f3n e informaciones del cliente I. Condiciones Generales de la Contrataci\u00f3n \u00a7 1 Disposiciones b\u00e1sicas (1) Los t\u00e9rminos y condiciones detallados a continuaci\u00f3n rigen para todos los contratos que usted celebre con nosotros como proveedor (Timo Sch\u00e4fer) a trav\u00e9s del sitio de internet www.premium-modelcars.de. Siempre que no se haya acordado lo contrario, [&hellip;]<\/p>\n","protected":false},"author":1,"featured_media":0,"parent":0,"menu_order":0,"comment_status":"closed","ping_status":"closed","template":"","meta":{"footnotes":""},"class_list":["post-11082","page","type-page","status-publish","hentry"],"_links":{"self":[{"href":"https:\/\/www.premium-modelcars.de\/es\/wp-json\/wp\/v2\/pages\/11082","targetHints":{"allow":["GET"]}}],"collection":[{"href":"https:\/\/www.premium-modelcars.de\/es\/wp-json\/wp\/v2\/pages"}],"about":[{"href":"https:\/\/www.premium-modelcars.de\/es\/wp-json\/wp\/v2\/types\/page"}],"author":[{"embeddable":true,"href":"https:\/\/www.premium-modelcars.de\/es\/wp-json\/wp\/v2\/users\/1"}],"replies":[{"embeddable":true,"href":"https:\/\/www.premium-modelcars.de\/es\/wp-json\/wp\/v2\/comments?post=11082"}],"version-history":[{"count":23,"href":"https:\/\/www.premium-modelcars.de\/es\/wp-json\/wp\/v2\/pages\/11082\/revisions"}],"predecessor-version":[{"id":427532,"href":"https:\/\/www.premium-modelcars.de\/es\/wp-json\/wp\/v2\/pages\/11082\/revisions\/427532"}],"wp:attachment":[{"href":"https:\/\/www.premium-modelcars.de\/es\/wp-json\/wp\/v2\/media?parent=11082"}],"curies":[{"name":"wp","href":"https:\/\/api.w.org\/{rel}","templated":true}]}}