{"id":11094,"date":"2025-04-24T16:00:45","date_gmt":"2025-04-24T14:00:45","guid":{"rendered":"https:\/\/www.premium-modelcars.de\/versandarten\/"},"modified":"2025-10-29T14:49:38","modified_gmt":"2025-10-29T13:49:38","slug":"pago-envio","status":"publish","type":"page","link":"https:\/\/www.premium-modelcars.de\/es\/pago-envio\/","title":{"rendered":"Pago y env\u00edo"},"content":{"rendered":"\t\t<div data-elementor-type=\"wp-page\" data-elementor-id=\"11094\" class=\"elementor elementor-11094 elementor-4811\">\n\t\t\t\t<div class=\"elementor-element elementor-element-07b33b8 e-flex e-con-boxed e-con e-parent\" data-id=\"07b33b8\" data-element_type=\"container\" data-e-type=\"container\">\r\n\t\t\t\t\t<div class=\"e-con-inner\">\r\n\t\t\t\t<div class=\"elementor-element elementor-element-6c9a2c2 elementor-widget elementor-widget-text-editor\" data-id=\"6c9a2c2\" data-element_type=\"widget\" data-e-type=\"widget\" data-widget_type=\"text-editor.default\">\n\t\t\t\t<div class=\"elementor-widget-container\">\n\t\t\t\t\t\t\t\t\t<h1>Pago y env\u00edo<\/h1>\n<p>Se aplican las siguientes condiciones:<\/p>\n<p>La entrega de la mercanc\u00eda se realiza en todo el mundo.<\/p>\n<p>El servicio est\u00e1 disponible en las siguientes islas: R\u00fcgen, Usedom, Fehmarn, Sylt, F\u00f6hr, Pellworm, Poel, Borkum, Norderney, Amrum, Langeoog, Ummanz, Spiekeroog, Hiddensee, Juist, Langene\u00df, Norderoogsand, Wangerooge, Baltrum, Hooge.<\/p>\n<h2>Gastos de env\u00edo (incluidos los gastos de env\u00edo legales)<\/h2>\n<p><strong>Entregas nacionales (Alemania):<\/strong><\/p>\n<p>6,95 euros<\/p>\n<p><strong>Env\u00edos al extranjero:<\/strong><\/p>\n<p>A continuaci\u00f3n te indicamos c\u00f3mo realizar el env\u00edo al extranjero:<\/p>\n<p>B\u00e9lgica: 14,95<br>Bulgaria: 14,95<br>Dinamarca: 14,95 \u20ac<br>Francia 14,95 \u20ac<br>Italiano: 14,95<br>Espa\u00f1a: 14,95 \u20ac.<br>Lichtenstein: 14,95<br>Luxemburgo: 14,95<br>Malta: 14,95 \u20ac.<br>Pa\u00edses Bajos: 14,95 \u20ac.<br>Austria: 14,95 \u20ac<br>Polonia 14,95 \u20ac<br>Portugal: 14,95 \u20ac.<br>Precio: 14,95 <br>Eslovaquia: 14,95<br>Eslovenia: 14,95 \u20ac.<br>Espa\u00f1a: 14,95<br>Espa\u00f1a: 14,95 \u20ac.<br>Chipre: 14,95 \u20ac.<\/p>\n<p>Estonia: 19,95 \u20ac<br>Finlandia: 19,95 \u20ac<br>Gibraltar: 19,95 \u20ac<br>Grecia: 19,95 \u20ac<br>Irlanda: 19,95 \u20ac<br>Islandia: 19,95 \u20ac<br>Jersey: 19,95 \u20ac<br>Letonia: 19,95 \u20ac<br>Lituania: 19,95 \u20ac<br>M\u00f3naco: 19,95 \u20ac<br>San Marino: 19,95 \u20ac<br>Suecia: 19,95 \u20ac<br>Suiza: 19,95 \u20ac<br>Hungr\u00eda: 19,95 \u20ac<br>Vaticano: 19,95 \u20ac<\/p>\n<p>Gran Breta\u00f1a: 24,95 \u20ac<br>Noruega: 24,95 \u20ac<\/p>\n<p>Australia: 39,95 \u20ac<br>Hong Kong: 39,95 \u20ac <br>Jap\u00f3n: 39,95 \u20ac<br>Canad\u00e1: 39,95 \u20ac <br>M\u00e9xico: 39,95 \u20ac<br><span style=\"color: inherit; font-family: inherit; font-size: inherit; font-weight: inherit; letter-spacing: inherit; text-align: var(--text-align);\">Rusia: 39,95 \u20ac<br>Corea del Sur: 39,95 \u20ac<br><\/span><span style=\"color: inherit; font-family: inherit; font-size: inherit; font-weight: inherit; letter-spacing: inherit; text-align: var(--text-align);\">Estados Unidos de Am\u00e9rica (EE.UU.): 39,95 \u20ac<\/span><\/p>\n<p>Resto del mundo (sin nombre): 49,95 \u20ac<\/p><p>En un paquete se pueden enviar art\u00edculos por un valor m\u00e1ximo de 999 euros. Si se supera este valor, se crear\u00e1 un nuevo pedido con nuevos gastos de env\u00edo. Tenga en cuenta que los pedidos fuera de la Uni\u00f3n Europea pueden estar sujetos a tasas aduaneras.<br><\/p>\n<h2>Plazos de entrega<\/h2>\n<p>Si no se especifica otro plazo en la oferta correspondiente, la mercanc\u00eda se entregar\u00e1 en Alemania en un plazo de 5 d\u00edas, para entregas en el extranjero en un plazo de 7-10 d\u00edas tras la celebraci\u00f3n del contrato (en caso de pago por adelantado acordado tras el momento de su instrucci\u00f3n de pago).<br>Tenga en cuenta que los domingos y festivos no se realizan entregas.<br>Si ha pedido art\u00edculos con plazos de entrega diferentes, la mercanc\u00eda se enviar\u00e1 en un solo env\u00edo, a menos que hayamos acordado otra cosa con usted. El plazo de entrega se limitar\u00e1 en este caso al art\u00edculo con el plazo de entrega m\u00e1s largo que hayas comprado.<\/p>\n<p>En caso de compra por tu cuenta, te informaremos por correo electr\u00f3nico sobre la disponibilidad de la mercanc\u00eda y las posibilidades de devoluci\u00f3n. En este caso no se cobrar\u00e1n gastos de env\u00edo.<\/p>\n<h2>Posibilidades de pago activas<\/h2>\n<p>&#8211; Pago al contado en el momento del cobro<br>&#8211; Pago por adelantado mediante transferencia bancaria<\/p>\n<p><strong>Sobre PayPal Checkout:<\/strong> <br>&#8211; Pago por PayPal<br>&#8211; Pago por PayPal expr\u00e9s<br>&#8211; Pago por tarjeta de cr\u00e9dito<br>&#8211; Pago por tarjeta de cr\u00e9dito SEPA<br>&#8211; Pago por \u00abpago en efectivo\u00bb<br>&#8211; Pago por porcentaje de pago<\/p>\n<p>Si tienes alguna pregunta, consulta nuestros datos de contacto en el formulario de contacto.<\/p>\t\t\t\t\t\t\t\t<\/div>\n\t\t\t\t<\/div>\n\t\t\t\t\t<\/div>\n\t\t\t\t<\/div>\n\t\t\t\t<\/div>\n\t\t","protected":false},"excerpt":{"rendered":"<p>Pago y env\u00edo Se aplican las siguientes condiciones: La entrega de la mercanc\u00eda se realiza en todo el mundo. El servicio est\u00e1 disponible en las siguientes islas: R\u00fcgen, Usedom, Fehmarn, Sylt, F\u00f6hr, Pellworm, Poel, Borkum, Norderney, Amrum, Langeoog, Ummanz, Spiekeroog, Hiddensee, Juist, Langene\u00df, Norderoogsand, Wangerooge, Baltrum, Hooge. Gastos de env\u00edo (incluidos los gastos de env\u00edo [&hellip;]<\/p>\n","protected":false},"author":1,"featured_media":0,"parent":0,"menu_order":0,"comment_status":"closed","ping_status":"closed","template":"","meta":{"footnotes":""},"class_list":["post-11094","page","type-page","status-publish","hentry"],"_links":{"self":[{"href":"https:\/\/www.premium-modelcars.de\/es\/wp-json\/wp\/v2\/pages\/11094","targetHints":{"allow":["GET"]}}],"collection":[{"href":"https:\/\/www.premium-modelcars.de\/es\/wp-json\/wp\/v2\/pages"}],"about":[{"href":"https:\/\/www.premium-modelcars.de\/es\/wp-json\/wp\/v2\/types\/page"}],"author":[{"embeddable":true,"href":"https:\/\/www.premium-modelcars.de\/es\/wp-json\/wp\/v2\/users\/1"}],"replies":[{"embeddable":true,"href":"https:\/\/www.premium-modelcars.de\/es\/wp-json\/wp\/v2\/comments?post=11094"}],"version-history":[{"count":12,"href":"https:\/\/www.premium-modelcars.de\/es\/wp-json\/wp\/v2\/pages\/11094\/revisions"}],"predecessor-version":[{"id":442576,"href":"https:\/\/www.premium-modelcars.de\/es\/wp-json\/wp\/v2\/pages\/11094\/revisions\/442576"}],"wp:attachment":[{"href":"https:\/\/www.premium-modelcars.de\/es\/wp-json\/wp\/v2\/media?parent=11094"}],"curies":[{"name":"wp","href":"https:\/\/api.w.org\/{rel}","templated":true}]}}