{"id":787088,"date":"2026-04-20T14:49:22","date_gmt":"2026-04-20T12:49:22","guid":{"rendered":"https:\/\/www.premium-modelcars.de\/formulario-de-revocacion\/"},"modified":"2026-04-20T14:55:06","modified_gmt":"2026-04-20T12:55:06","slug":"formulario-de-revocacion","status":"publish","type":"page","link":"https:\/\/www.premium-modelcars.de\/es\/formulario-de-revocacion\/","title":{"rendered":"Formulario de revocaci\u00f3n"},"content":{"rendered":"\t\t<div data-elementor-type=\"wp-page\" data-elementor-id=\"787088\" class=\"elementor elementor-787088 elementor-787064\">\n\t\t\t\t<div class=\"elementor-element elementor-element-b1d0b3d e-flex e-con-boxed e-con e-parent\" data-id=\"b1d0b3d\" data-element_type=\"container\" data-e-type=\"container\">\r\n\t\t\t\t\t<div class=\"e-con-inner\">\r\n\t\t\t\t<div class=\"elementor-element elementor-element-91a5020 elementor-widget elementor-widget-porto_ultimate_heading\" data-id=\"91a5020\" data-element_type=\"widget\" data-e-type=\"widget\" data-widget_type=\"porto_ultimate_heading.default\">\n\t\t\t\t<div class=\"elementor-widget-container\">\n\t\t\t\t\t<div class=\"porto-u-heading  porto-u-ad87e2eaf3f9c495180fe0156ddf3eb0\"><div class=\"porto-u-sub-heading\" style=\"\"><h1>Formulario de revocaci\u00f3n<\/h1><\/div><style>.porto-u-ad87e2eaf3f9c495180fe0156ddf3eb0.porto-u-heading{text-align:left}<\/style><\/div>\t\t\t\t<\/div>\n\t\t\t\t<\/div>\n\t\t\t\t\t<\/div>\n\t\t\t\t<\/div>\n\t\t<div class=\"elementor-element elementor-element-b5792d6 e-flex e-con-boxed e-con e-parent\" data-id=\"b5792d6\" data-element_type=\"container\" data-e-type=\"container\">\r\n\t\t\t\t\t<div class=\"e-con-inner\">\r\n\t\t\t\t<div class=\"elementor-element elementor-element-2231452 elementor-widget elementor-widget-porto_contact_form\" data-id=\"2231452\" data-element_type=\"widget\" data-e-type=\"widget\" data-widget_type=\"porto_contact_form.default\">\n\t\t\t\t<div class=\"elementor-widget-container\">\n\t\t\t\t\t        <script type=\"text\/javascript\">\n                if(typeof mtcaptchaConfig != \"undefined\") {\n                    mtcaptchaConfig.renderQueue.push('contact-form-1856558005');\n                }\n        <\/script>\n<div class=\"wpcf7 no-js\" id=\"wpcf7-f787063-o1\" lang=\"de-DE\" dir=\"ltr\" data-wpcf7-id=\"787063\">\n<div class=\"screen-reader-response\"><p role=\"status\" aria-live=\"polite\" aria-atomic=\"true\"><\/p> <ul><\/ul><\/div>\n<form action=\"\/es\/wp-json\/wp\/v2\/pages\/787088#wpcf7-f787063-o1\" method=\"post\" class=\"wpcf7-form init\" aria-label=\"Kontaktformular\" novalidate=\"novalidate\" data-status=\"init\">\n<fieldset class=\"hidden-fields-container\"><input type=\"hidden\" name=\"_wpcf7\" value=\"787063\" \/><input type=\"hidden\" name=\"_wpcf7_version\" value=\"6.1.5\" \/><input type=\"hidden\" name=\"_wpcf7_locale\" value=\"de_DE\" \/><input type=\"hidden\" name=\"_wpcf7_unit_tag\" value=\"wpcf7-f787063-o1\" \/><input type=\"hidden\" name=\"_wpcf7_container_post\" value=\"0\" \/><input type=\"hidden\" name=\"_wpcf7_posted_data_hash\" value=\"\" \/>\n<\/fieldset>\n<div class=\"container contact-form\">\n  <div class=\"row\">\n    <div class=\"col-12 col-md-8\">\n\n      <div class=\"mb-3\">\n        <label class=\"form-label\">Su nombre y apellidos* <\/label>\n        <span class=\"wpcf7-form-control-wrap\" data-name=\"your-first-and-last-name\"><input size=\"40\" maxlength=\"400\" class=\"wpcf7-form-control wpcf7-text wpcf7-validates-as-required form-control\" autocomplete=\"name\" aria-required=\"true\" aria-invalid=\"false\" value=\"\" type=\"text\" name=\"your-first-and-last-name\" \/><\/span>\n      <\/div>\n\n      <div class=\"mb-3\">\n        <label class=\"form-label\">Tu correo electr\u00f3nico* <\/label>\n        <span class=\"wpcf7-form-control-wrap\" data-name=\"your-email\"><input size=\"40\" maxlength=\"400\" class=\"wpcf7-form-control wpcf7-email wpcf7-validates-as-required wpcf7-text wpcf7-validates-as-email form-control\" autocomplete=\"email\" aria-required=\"true\" aria-invalid=\"false\" value=\"\" type=\"email\" name=\"your-email\" \/><\/span>\n      <\/div>\n\n      <div class=\"mb-3\">\n        <label class=\"form-label\">N\u00famero de pedido <\/label>\n        <span class=\"wpcf7-form-control-wrap\" data-name=\"your-order-number\"><input size=\"40\" maxlength=\"400\" class=\"wpcf7-form-control wpcf7-text form-control\" aria-invalid=\"false\" value=\"\" type=\"text\" name=\"your-order-number\" \/><\/span>\n      <\/div>\n\n      <div class=\"mb-3\">\n        <label class=\"form-label\">Producto en cuesti\u00f3n* <\/label>\n        <span class=\"wpcf7-form-control-wrap\" data-name=\"your-product\"><input size=\"40\" maxlength=\"400\" class=\"wpcf7-form-control wpcf7-text wpcf7-validates-as-required form-control\" aria-required=\"true\" aria-invalid=\"false\" value=\"\" type=\"text\" name=\"your-product\" \/><\/span>\n      <\/div>\n    <\/div>\n\n    <div class=\"col-12\">\n      <p>Los campos marcados con un asterisco (*) son obligatorios.<\/p>\n      <p>Sus datos se tratar\u00e1n con el fin de tramitar la revocaci\u00f3n. Encontrar\u00e1 m\u00e1s detalles en nuestra <a href=\"\/es\/proteccion-datos\/\">declaraci\u00f3n de protecci\u00f3n de datos<\/a>.<\/p>\n      <p>Tambi\u00e9n puede comunicar su desistimiento a trav\u00e9s de los medios de contacto indicados en la <a href=\"\/es\/derecho-de-revocacion\/\">derecho de revocati\u00f3n<\/a>.<\/p>\n      <hr>\n\n      <label for='mtcaptcha'>Captcha <span class='required'>*<\/span> <\/label><div id=\"contact-form-1856558005\" class=\"wpcf7-form-control-wrap\"><\/div>\n\n      <input class=\"wpcf7-form-control wpcf7-submit has-spinner btn btn-primary\" type=\"submit\" value=\"Confirmar la revocati\u00f3n\" \/>\n    <\/div>\n  <\/div>\n<\/div><div class=\"wpcf7-response-output\" aria-hidden=\"true\"><\/div>\n<\/form>\n<\/div>\n\t\t\t\t<\/div>\n\t\t\t\t<\/div>\n\t\t\t\t\t<\/div>\n\t\t\t\t<\/div>\n\t\t\t\t<\/div>\n\t\t","protected":false},"excerpt":{"rendered":"<p>Formulario de revocaci\u00f3n Ihr Vor- und Nachname* Ihre E-Mail* Bestellnummer Betreffende Ware* Die mit einem Stern (*) markierten Felder sind Pflichtfelder. Ihre Daten werden zur Bearbeitung des Widerrufs verarbeitet. Details finden Sie in unserer Datenschutzerkl\u00e4rung. Alternativ k\u00f6nnen Sie Ihren Widerruf auch \u00fcber die in der Widerrufsbelehrung angegebenen Kontaktwege erkl\u00e4ren: Captcha *<\/p>\n","protected":false},"author":2,"featured_media":0,"parent":0,"menu_order":0,"comment_status":"closed","ping_status":"closed","template":"","meta":{"footnotes":""},"class_list":["post-787088","page","type-page","status-publish","hentry"],"_links":{"self":[{"href":"https:\/\/www.premium-modelcars.de\/es\/wp-json\/wp\/v2\/pages\/787088","targetHints":{"allow":["GET"]}}],"collection":[{"href":"https:\/\/www.premium-modelcars.de\/es\/wp-json\/wp\/v2\/pages"}],"about":[{"href":"https:\/\/www.premium-modelcars.de\/es\/wp-json\/wp\/v2\/types\/page"}],"author":[{"embeddable":true,"href":"https:\/\/www.premium-modelcars.de\/es\/wp-json\/wp\/v2\/users\/2"}],"replies":[{"embeddable":true,"href":"https:\/\/www.premium-modelcars.de\/es\/wp-json\/wp\/v2\/comments?post=787088"}],"version-history":[{"count":4,"href":"https:\/\/www.premium-modelcars.de\/es\/wp-json\/wp\/v2\/pages\/787088\/revisions"}],"predecessor-version":[{"id":787092,"href":"https:\/\/www.premium-modelcars.de\/es\/wp-json\/wp\/v2\/pages\/787088\/revisions\/787092"}],"wp:attachment":[{"href":"https:\/\/www.premium-modelcars.de\/es\/wp-json\/wp\/v2\/media?parent=787088"}],"curies":[{"name":"wp","href":"https:\/\/api.w.org\/{rel}","templated":true}]}}