{"id":9909,"date":"2025-04-23T10:45:17","date_gmt":"2025-04-23T08:45:17","guid":{"rendered":"https:\/\/www.premium-modelcars.de\/erklaerung-zur-barrierefreiheit\/"},"modified":"2025-10-21T15:19:38","modified_gmt":"2025-10-21T13:19:38","slug":"declaracion-accesibilidad","status":"publish","type":"page","link":"https:\/\/www.premium-modelcars.de\/es\/declaracion-accesibilidad\/","title":{"rendered":"Declaraci\u00f3n accesibilidad"},"content":{"rendered":"\t\t<div data-elementor-type=\"wp-page\" data-elementor-id=\"9909\" class=\"elementor elementor-9909 elementor-4670\">\n\t\t\t\t<div class=\"elementor-element elementor-element-598f3c2b e-flex e-con-boxed e-con e-parent\" data-id=\"598f3c2b\" data-element_type=\"container\" data-e-type=\"container\">\r\n\t\t\t\t\t<div class=\"e-con-inner\">\r\n\t\t\t\t<div class=\"elementor-element elementor-element-38d19b31 elementor-widget elementor-widget-text-editor\" data-id=\"38d19b31\" data-element_type=\"widget\" data-e-type=\"widget\" data-widget_type=\"text-editor.default\">\n\t\t\t\t<div class=\"elementor-widget-container\">\n\t\t\t\t\t\t\t\t\t<h1>Declaraci\u00f3n sobre accesibilidad<\/h1><p>Premium-Modelcars<br \/>Stuttgarter Str. 1<br \/>71706 Hardthof<br \/>Alemania<br \/>Tel\u00e9fono: <a href=\"tel:+4915253720416\">0152 53720416<\/a><br \/>Correo electr\u00f3nico: <a href=\"mailto:info@premium-modelcars.de\">info@premium-modelcars.de<\/a><\/p><p>Muster GmbH se esfuerza por hacer accesible su sitio web <a href=\"\/\">https:\/\/premium-modelcars.de\/<\/a> de conformidad con la Barrierefreiheitsst\u00e4rkungsgesetz (BFSG). Esta declaraci\u00f3n de accesibilidad se aplica al sitio web <a href=\"\/\">https:\/\/premium-modelcars.de\/<\/a>.<\/p><h2>Estado de compatibilidad con los requisitos<\/h2><p><strong>Contenidos no accesibles<\/strong> Los contenidos enumerados a continuaci\u00f3n no son accesibles por las siguientes razones:<\/p><ul><li style=\"list-style-type: none;\"><ul><li>Documentos PDF: Algunos de nuestros documentos PDF no son accesibles. Estamos trabajando para adaptarlos lo antes posible o proporcionar alternativas accesibles.<\/li><\/ul><\/li><\/ul><ul><li style=\"list-style-type: none;\"><ul><li>V\u00eddeos: Algunos de nuestros v\u00eddeos incrustados no tienen subt\u00edtulos. Nos esforzaremos por a\u00f1adir subt\u00edtulos a todos los v\u00eddeos en el futuro.<\/li><\/ul><\/li><\/ul><ul><li style=\"list-style-type: none;\"><ul><li>Im\u00e1genes sin texto alternativo: Algunas im\u00e1genes del sitio web no tienen texto alternativo. Comprobamos y actualizamos este contenido de forma continua.<\/li><\/ul><\/li><\/ul><h2>Barreras debidas a la irracionalidad econ\u00f3mica<\/h2><p>Algunas barreras de nuestro sitio web no pueden eliminarse a corto plazo por razones de razonabilidad econ\u00f3mica. Por ejemplo:<\/p><ul><li style=\"list-style-type: none;\"><ul><li>Aplicaciones interactivas complejas, por ejemplo juegos: algunas aplicaciones interactivas y funciones especiales de nuestra web requieren considerables recursos financieros y humanos para hacerlas plenamente accesibles. Buscamos constantemente formas de mejorarlas, pero debido a los elevados costes que conllevan, no podemos eliminar todas las barreras de inmediato. (Lista de funciones que no son accesibles).<\/li><\/ul><\/li><\/ul><ul><li style=\"list-style-type: none;\"><ul><li>Contenidos hist\u00f3ricos: Los contenidos antiguos creados antes de la entrada en vigor de las actuales pautas de accesibilidad pueden no ser plenamente accesibles. La adaptaci\u00f3n posterior de estos contenidos exigir\u00eda unos gastos desproporcionadamente elevados. Sin embargo, los nuevos contenidos se crean de acuerdo con las normas actuales.<\/li><\/ul><\/li><\/ul><h2>Obst\u00e1culos Presentaci\u00f3n de informes, comentarios y datos de contacto<\/h2><p>Por favor, ind\u00edquenos en qu\u00e9 p\u00e1gina y en qu\u00e9 funci\u00f3n ha encontrado obst\u00e1culos. Simplemente copie el enlace de la barra de direcciones de su navegador. Puede informarnos de los obst\u00e1culos de las siguientes maneras:<\/p><ul><li style=\"list-style-type: none;\"><ul><li>Formulario de contacto: <a href=\"\/barrieren-melden\/\">www.premium-modelcars.de\/barrieren-melden\/<\/a><\/li><\/ul><\/li><\/ul><ul><li style=\"list-style-type: none;\"><ul><li>Correo electr\u00f3nico: <a href=\"mailto:info@premium-modelcars.de\">info@premium-modelcars.de<\/a><\/li><\/ul><\/li><\/ul><ul><li style=\"list-style-type: none;\"><ul><li>Tel\u00e9fono: <a href=\"tel:+4915253720416\" target=\"_blank\" rel=\"noopener\">+49 152 53720416<\/a><\/li><\/ul><\/li><\/ul><ul><li style=\"list-style-type: none;\"><ul><li>Direcci\u00f3n postal: Premium-Modelcars, Stuttgarter Str. 1, 71706 Hardthof, Deutschland, Alemania.<\/li><\/ul><\/li><\/ul>\t\t\t\t\t\t\t\t<\/div>\n\t\t\t\t<\/div>\n\t\t\t\t<div class=\"elementor-element elementor-element-0d57e65 elementor-widget elementor-widget-porto_contact_form\" data-id=\"0d57e65\" data-element_type=\"widget\" data-e-type=\"widget\" data-widget_type=\"porto_contact_form.default\">\n\t\t\t\t<div class=\"elementor-widget-container\">\n\t\t\t\t\t        <script type=\"text\/javascript\">\n                if(typeof mtcaptchaConfig != \"undefined\") {\n                    mtcaptchaConfig.renderQueue.push('contact-form-1508627112');\n                }\n        <\/script>\n<div class=\"wpcf7 no-js\" id=\"wpcf7-f47906-o1\" lang=\"es-ES\" dir=\"ltr\" data-wpcf7-id=\"47906\">\n<div class=\"screen-reader-response\"><p role=\"status\" aria-live=\"polite\" aria-atomic=\"true\"><\/p> <ul><\/ul><\/div>\n<form action=\"\/es\/wp-json\/wp\/v2\/pages\/9909#wpcf7-f47906-o1\" method=\"post\" class=\"wpcf7-form init\" aria-label=\"Formulario de contacto\" novalidate=\"novalidate\" data-status=\"init\">\n<fieldset class=\"hidden-fields-container\"><input type=\"hidden\" name=\"_wpcf7\" value=\"47906\" \/><input type=\"hidden\" name=\"_wpcf7_version\" value=\"6.1.5\" \/><input type=\"hidden\" name=\"_wpcf7_locale\" value=\"es_ES\" \/><input type=\"hidden\" name=\"_wpcf7_unit_tag\" value=\"wpcf7-f47906-o1\" \/><input type=\"hidden\" name=\"_wpcf7_container_post\" value=\"0\" \/><input type=\"hidden\" name=\"_wpcf7_posted_data_hash\" value=\"\" \/>\n<\/fieldset>\n<div class=\"container contact-form\">\n  <div class=\"row\">\n    <div class=\"col-12 col-md-4\">\n      <div class=\"mb-3\">\n        <label class=\"form-label\">Saludo* <\/label>\n        <span class=\"wpcf7-form-control-wrap\" data-name=\"your-select\"><select class=\"wpcf7-form-control wpcf7-select wpcf7-validates-as-required form-select\" aria-required=\"true\" aria-invalid=\"false\" name=\"your-select\"><option value=\"No especificado\">No especificado<\/option><option value=\"Sra.\">Sra.<\/option><option value=\"Sr.\">Sr.<\/option><\/select><\/span>\n      <\/div>\n\n      <div class=\"mb-3\">\n        <label class=\"form-label\">Nombre* <\/label>\n        <span class=\"wpcf7-form-control-wrap\" data-name=\"your-first-name\"><input size=\"40\" maxlength=\"400\" class=\"wpcf7-form-control wpcf7-text wpcf7-validates-as-required form-control\" autocomplete=\"name\" aria-required=\"true\" aria-invalid=\"false\" value=\"\" type=\"text\" name=\"your-first-name\" \/><\/span>\n      <\/div>\n\n      <div class=\"mb-3\">\n        <label class=\"form-label\">Apellido* <\/label>\n        <span class=\"wpcf7-form-control-wrap\" data-name=\"your-last-name\"><input size=\"40\" maxlength=\"400\" class=\"wpcf7-form-control wpcf7-text wpcf7-validates-as-required form-control\" autocomplete=\"name\" aria-required=\"true\" aria-invalid=\"false\" value=\"\" type=\"text\" name=\"your-last-name\" \/><\/span>\n      <\/div>\n\n      <div class=\"mb-3\">\n        <label class=\"form-label\">Tu e-mail* <\/label>\n        <span class=\"wpcf7-form-control-wrap\" data-name=\"your-email\"><input size=\"40\" maxlength=\"400\" class=\"wpcf7-form-control wpcf7-email wpcf7-validates-as-required wpcf7-text wpcf7-validates-as-email form-control\" autocomplete=\"email\" aria-required=\"true\" aria-invalid=\"false\" value=\"\" type=\"email\" name=\"your-email\" \/><\/span>\n      <\/div>\n\n      <div class=\"mb-3\">\n        <label class=\"form-label\">Tel\u00e9fono* <\/label>\n        <span class=\"wpcf7-form-control-wrap\" data-name=\"your-tel\"><input size=\"40\" maxlength=\"400\" class=\"wpcf7-form-control wpcf7-tel wpcf7-validates-as-required wpcf7-text wpcf7-validates-as-tel form-control\" autocomplete=\"tel\" aria-required=\"true\" aria-invalid=\"false\" value=\"\" type=\"tel\" name=\"your-tel\" \/><\/span>\n      <\/div>\n    <\/div>\n\n    <div class=\"col-12 col-md-8\">\n      <div class=\"mb-3\">\n        <label class=\"form-label\">Asunto* <\/label>\n        <span class=\"wpcf7-form-control-wrap\" data-name=\"your-subject\"><input size=\"40\" maxlength=\"400\" class=\"wpcf7-form-control wpcf7-text wpcf7-validates-as-required form-control\" aria-required=\"true\" aria-invalid=\"false\" value=\"\" type=\"text\" name=\"your-subject\" \/><\/span>\n      <\/div>\n\n      <div class=\"mb-3\">\n        <label class=\"form-label\">Comentario* <\/label>\n        <span class=\"wpcf7-form-control-wrap\" data-name=\"your-message\"><textarea cols=\"40\" rows=\"6\" maxlength=\"2000\" class=\"wpcf7-form-control wpcf7-textarea wpcf7-validates-as-required form-control\" aria-required=\"true\" aria-invalid=\"false\" name=\"your-message\"><\/textarea><\/span>\n      <\/div>\n    <\/div>\n\n    <div class=\"col-12\">\n      <p>Los campos marcados con un asterisco (*) son obligatorios.<\/p>\n      <hr>\n\n      <label for='mtcaptcha'>Captcha <span class='required'>*<\/span> <\/label><div id=\"contact-form-1508627112\" class=\"wpcf7-form-control-wrap\"><\/div>\n\n      <div class=\"form-check my-3\">\n        <span class=\"wpcf7-form-control-wrap\" data-name=\"your-acceptance\"><span class=\"wpcf7-form-control wpcf7-acceptance\"><span class=\"wpcf7-list-item\"><label><input type=\"checkbox\" name=\"your-acceptance\" value=\"1\" class=\"form-check-input\" aria-invalid=\"false\" \/><span class=\"wpcf7-list-item-label\"><label class=\"form-check-label\">\n         He tomado nota de las <a href=\"\/es\/proteccion-datos\/\">disposiciones sobre proteci\u00f3n de datos<\/a> y he le\u00eddo las <a href=\"\/es\/cgc\/\">CGC<\/a> y estoy de acuerdo con          ellas.*\n        <\/label><\/span><\/label><\/span><\/span><\/span>\n      <\/div>\n      <input class=\"wpcf7-form-control wpcf7-submit has-spinner btn btn-primary\" type=\"submit\" value=\"Enviar\" \/>\n    <\/div>\n  <\/div>\n<\/div><div class=\"wpcf7-response-output\" aria-hidden=\"true\"><\/div>\n<\/form>\n<\/div>\n\t\t\t\t<\/div>\n\t\t\t\t<\/div>\n\t\t\t\t<div class=\"elementor-element elementor-element-f2478cc elementor-widget elementor-widget-text-editor\" data-id=\"f2478cc\" data-element_type=\"widget\" data-e-type=\"widget\" data-widget_type=\"text-editor.default\">\n\t\t\t\t<div class=\"elementor-widget-container\">\n\t\t\t\t\t\t\t\t\t<h2>Organismo de ejecuci\u00f3n<\/h2><p>Si no recibe una respuesta satisfactoria a las notificaciones o consultas sobre accesibilidad, puede ponerse en contacto con el Centro de Control. El Centro le ayudar\u00e1 a hacer valer sus derechos.<\/p><p>Direcci\u00f3n del organismo de ejecuci\u00f3n:<\/p><ul><li style=\"list-style-type: none;\"><ul><li><strong>Landeszentrum Barrierefreiheit<\/strong>, Else-Josenhans-Stra\u00dfe 6, 70173 Stuttgart<\/li><\/ul><\/li><\/ul><ul><li style=\"list-style-type: none;\"><ul><li>Tel\u00e9fono: 0711 123-3636<\/li><\/ul><\/li><\/ul><ul><li style=\"list-style-type: none;\"><ul><li>Correo electr\u00f3nico: <a href=\"mailto:post@barrierefreiheit.bwl.de\">post@barrierefreiheit.bwl.de<\/a><\/li><\/ul><\/li><\/ul><h2>Autoridad de vigilancia del mercado<\/h2><p>Los datos de contacto de la autoridad competente en materia de vigilancia del mercado son los siguientes:<\/p><ul><li style=\"list-style-type: none;\"><ul><li><strong>Landeszentrum Barrierefreiheit<\/strong>, Else-Josenhans-Stra\u00dfe 6, 70173 Stuttgart<\/li><\/ul><\/li><\/ul><ul><li style=\"list-style-type: none;\"><ul><li>Tel\u00e9fono: 0711 123-3636<\/li><\/ul><\/li><\/ul><ul><li style=\"list-style-type: none;\"><ul><li>Correo electr\u00f3nico: <a href=\"mailto:post@barrierefreiheit.bwl.de\">post@barrierefreiheit.bwl.de<\/a><\/li><\/ul><\/li><\/ul><ul><li style=\"list-style-type: none;\">\u00a0<\/li><\/ul><h2>Fecha de elaboraci\u00f3n de esta declaraci\u00f3n de accesibilidad<\/h2><p>Esta declaraci\u00f3n se cre\u00f3 el 11 de junio de 2024. La verificaci\u00f3n del cumplimiento de los requisitos se basa en un informe de prueba de accesibilidad digital realizado por Premium-Modelcars.<\/p><p>Esta declaraci\u00f3n de accesibilidad se ha elaborado con el m\u00e1ximo cuidado y se actualiza peri\u00f3dicamente para cumplir los requisitos y normas vigentes. No obstante, no pueden descartarse por completo los errores. Si encuentra alg\u00fan error en esta declaraci\u00f3n, le rogamos que nos lo comunique brevemente a trav\u00e9s de la funci\u00f3n de notificaci\u00f3n de barreras que figura en este documento.<\/p><p>Este documento se actualiz\u00f3 por \u00faltima vez el 28\/08\/2025.<\/p>\t\t\t\t\t\t\t\t<\/div>\n\t\t\t\t<\/div>\n\t\t\t\t<div class=\"elementor-element elementor-element-5abb20b elementor-widget elementor-widget-spacer\" data-id=\"5abb20b\" data-element_type=\"widget\" data-e-type=\"widget\" data-widget_type=\"spacer.default\">\n\t\t\t\t<div class=\"elementor-widget-container\">\n\t\t\t\t\t\t\t<div class=\"elementor-spacer\">\n\t\t\t<div class=\"elementor-spacer-inner\"><\/div>\n\t\t<\/div>\n\t\t\t\t\t\t<\/div>\n\t\t\t\t<\/div>\n\t\t\t\t\t<\/div>\n\t\t\t\t<\/div>\n\t\t\t\t<\/div>\n\t\t","protected":false},"excerpt":{"rendered":"<p>Declaraci\u00f3n sobre accesibilidad Premium-ModelcarsStuttgarter Str. 171706 HardthofAlemaniaTel\u00e9fono: 0152 53720416Correo electr\u00f3nico: info@premium-modelcars.de Muster GmbH se esfuerza por hacer accesible su sitio web https:\/\/premium-modelcars.de\/ de conformidad con la Barrierefreiheitsst\u00e4rkungsgesetz (BFSG). Esta declaraci\u00f3n de accesibilidad se aplica al sitio web https:\/\/premium-modelcars.de\/. Estado de compatibilidad con los requisitos Contenidos no accesibles Los contenidos enumerados a continuaci\u00f3n no son accesibles [&hellip;]<\/p>\n","protected":false},"author":1,"featured_media":0,"parent":0,"menu_order":0,"comment_status":"closed","ping_status":"closed","template":"","meta":{"footnotes":""},"class_list":["post-9909","page","type-page","status-publish","hentry"],"_links":{"self":[{"href":"https:\/\/www.premium-modelcars.de\/es\/wp-json\/wp\/v2\/pages\/9909","targetHints":{"allow":["GET"]}}],"collection":[{"href":"https:\/\/www.premium-modelcars.de\/es\/wp-json\/wp\/v2\/pages"}],"about":[{"href":"https:\/\/www.premium-modelcars.de\/es\/wp-json\/wp\/v2\/types\/page"}],"author":[{"embeddable":true,"href":"https:\/\/www.premium-modelcars.de\/es\/wp-json\/wp\/v2\/users\/1"}],"replies":[{"embeddable":true,"href":"https:\/\/www.premium-modelcars.de\/es\/wp-json\/wp\/v2\/comments?post=9909"}],"version-history":[{"count":40,"href":"https:\/\/www.premium-modelcars.de\/es\/wp-json\/wp\/v2\/pages\/9909\/revisions"}],"predecessor-version":[{"id":438174,"href":"https:\/\/www.premium-modelcars.de\/es\/wp-json\/wp\/v2\/pages\/9909\/revisions\/438174"}],"wp:attachment":[{"href":"https:\/\/www.premium-modelcars.de\/es\/wp-json\/wp\/v2\/media?parent=9909"}],"curies":[{"name":"wp","href":"https:\/\/api.w.org\/{rel}","templated":true}]}}