{"id":106290,"date":"2025-05-22T15:09:46","date_gmt":"2025-05-22T13:09:46","guid":{"rendered":"https:\/\/www.premium-modelcars.de\/product\/143-collectprotect-fuer-minichamps-schutzhuelle-1-stueck-pet\/"},"modified":"2026-01-16T06:26:53","modified_gmt":"2026-01-16T05:26:53","slug":"143-collectprotect-fuer-minichamps-schutzhuelle-1-stueck-pet","status":"publish","type":"product","link":"https:\/\/www.premium-modelcars.de\/es\/producto\/143-collectprotect-fuer-minichamps-schutzhuelle-1-stueck-pet\/","title":{"rendered":"1:43 Collect&amp;Protect f\u00fcr Minichamps Schutzh\u00fclle 1 St\u00fcck PET"},"content":{"rendered":"<p>1:43 Collect&amp;Protect f&uuml;r Minichamps Schutzh&uuml;lle 10 St&uuml;ck PET&nbsp;<\/p>\n<p>PET Qualit&auml;t und sehr gut passgenau.<\/p>\n","protected":false},"excerpt":{"rendered":"<p>1:43 Collect&amp;Protect f&uuml;r Minichamps Schutzh&uuml;lle 10 St&uuml;ck PET&nbsp; PET Qualit&auml;t und sehr gut passgenau.<\/p>\n","protected":false},"featured_media":749354,"template":"","meta":{"footnotes":""},"product_brand":[],"product_cat":[98,103],"product_tag":[],"class_list":{"0":"post-106290","1":"product","2":"type-product","3":"status-publish","4":"has-post-thumbnail","6":"product_cat-1-43","7":"product_cat-zubehoer","9":"first","10":"outofstock","11":"taxable","12":"shipping-taxable","13":"purchasable","14":"product-type-simple"},"_links":{"self":[{"href":"https:\/\/www.premium-modelcars.de\/es\/wp-json\/wp\/v2\/product\/106290","targetHints":{"allow":["GET"]}}],"collection":[{"href":"https:\/\/www.premium-modelcars.de\/es\/wp-json\/wp\/v2\/product"}],"about":[{"href":"https:\/\/www.premium-modelcars.de\/es\/wp-json\/wp\/v2\/types\/product"}],"version-history":[{"count":0,"href":"https:\/\/www.premium-modelcars.de\/es\/wp-json\/wp\/v2\/product\/106290\/revisions"}],"wp:featuredmedia":[{"embeddable":true,"href":"https:\/\/www.premium-modelcars.de\/es\/wp-json\/wp\/v2\/media\/749354"}],"wp:attachment":[{"href":"https:\/\/www.premium-modelcars.de\/es\/wp-json\/wp\/v2\/media?parent=106290"}],"wp:term":[{"taxonomy":"product_brand","embeddable":true,"href":"https:\/\/www.premium-modelcars.de\/es\/wp-json\/wp\/v2\/product_brand?post=106290"},{"taxonomy":"product_cat","embeddable":true,"href":"https:\/\/www.premium-modelcars.de\/es\/wp-json\/wp\/v2\/product_cat?post=106290"},{"taxonomy":"product_tag","embeddable":true,"href":"https:\/\/www.premium-modelcars.de\/es\/wp-json\/wp\/v2\/product_tag?post=106290"}],"curies":[{"name":"wp","href":"https:\/\/api.w.org\/{rel}","templated":true}]}}