{"id":118205,"date":"2025-09-24T12:11:23","date_gmt":"2025-09-24T10:11:23","guid":{"rendered":"https:\/\/www.premium-modelcars.de\/product\/118-gmp-trailer-anhaenger-texaco-mit-reifenregal-red\/"},"modified":"2025-09-24T15:48:45","modified_gmt":"2025-09-24T13:48:45","slug":"118-gmp-trailer-anhaenger-texaco-mit-reifenregal-red","status":"publish","type":"product","link":"https:\/\/www.premium-modelcars.de\/es\/producto\/118-gmp-trailer-anhaenger-texaco-mit-reifenregal-red\/","title":{"rendered":"1:18 GMP Tandem Car Trailer Anh\u00e4nger TEXACO red Diorama Zubeh\u00f6r"},"content":{"rendered":"<p>1:18 GMP Tandem Car Trailer Anh\u00e4nger TEXACO red Diorama Zubeh\u00f6r<\/p>\n<p>Neu in Originalverpackung.<\/p>\n","protected":false},"excerpt":{"rendered":"<p>1:18 GMP Tandem Car Trailer Anh\u00e4nger TEXACO red Diorama Zubeh\u00f6r Neu in Originalverpackung.<\/p>\n","protected":false},"featured_media":430626,"template":"","meta":{"footnotes":""},"product_brand":[],"product_cat":[96,103],"product_tag":[],"class_list":{"0":"post-118205","1":"product","2":"type-product","3":"status-publish","4":"has-post-thumbnail","6":"product_cat-1-18","7":"product_cat-zubehoer","9":"first","10":"instock","11":"taxable","12":"shipping-taxable","13":"purchasable","14":"product-type-simple"},"_links":{"self":[{"href":"https:\/\/www.premium-modelcars.de\/es\/wp-json\/wp\/v2\/product\/118205","targetHints":{"allow":["GET"]}}],"collection":[{"href":"https:\/\/www.premium-modelcars.de\/es\/wp-json\/wp\/v2\/product"}],"about":[{"href":"https:\/\/www.premium-modelcars.de\/es\/wp-json\/wp\/v2\/types\/product"}],"version-history":[{"count":3,"href":"https:\/\/www.premium-modelcars.de\/es\/wp-json\/wp\/v2\/product\/118205\/revisions"}],"predecessor-version":[{"id":430638,"href":"https:\/\/www.premium-modelcars.de\/es\/wp-json\/wp\/v2\/product\/118205\/revisions\/430638"}],"wp:featuredmedia":[{"embeddable":true,"href":"https:\/\/www.premium-modelcars.de\/es\/wp-json\/wp\/v2\/media\/430626"}],"wp:attachment":[{"href":"https:\/\/www.premium-modelcars.de\/es\/wp-json\/wp\/v2\/media?parent=118205"}],"wp:term":[{"taxonomy":"product_brand","embeddable":true,"href":"https:\/\/www.premium-modelcars.de\/es\/wp-json\/wp\/v2\/product_brand?post=118205"},{"taxonomy":"product_cat","embeddable":true,"href":"https:\/\/www.premium-modelcars.de\/es\/wp-json\/wp\/v2\/product_cat?post=118205"},{"taxonomy":"product_tag","embeddable":true,"href":"https:\/\/www.premium-modelcars.de\/es\/wp-json\/wp\/v2\/product_tag?post=118205"}],"curies":[{"name":"wp","href":"https:\/\/api.w.org\/{rel}","templated":true}]}}