{"id":202930,"date":"2025-06-11T08:27:32","date_gmt":"2025-06-11T06:27:32","guid":{"rendered":"https:\/\/www.premium-modelcars.de\/produkt\/118-norev-porsche-911-964-carrera-4-wtl-30-anos-911-viola-metalico-edicion-limitada-999-unidades\/"},"modified":"2026-02-03T14:54:20","modified_gmt":"2026-02-03T13:54:20","slug":"118-norev-porsche-911-964-carrera-4-wtl-30-anos-911-viola-metalico-edicion-limitada-999-unidades","status":"publish","type":"product","link":"https:\/\/www.premium-modelcars.de\/es\/producto\/118-norev-porsche-911-964-carrera-4-wtl-30-anos-911-viola-metalico-edicion-limitada-999-unidades\/","title":{"rendered":"1:18 Norev Porsche 911 964 Carrera 4 WTL 30 a\u00f1os 911 viola met\u00e1lico &#8211; Edici\u00f3n limitada 999 unidades."},"content":{"rendered":"<p>1:18 Norev Porsche 911 964 Carrera 4 WTL 30 a\u00f1os 911 viola metalizado &#8211; Edici\u00f3n limitada a 999 unidades<\/p>\n<p>&#8211; Color interior en Rubicon<\/p>\n<p>Nuevo en su embalaje original.<\/p>\n<p>Edici\u00f3n limitada a 999 unidades, numeradas individualmente, recibir\u00e1s un n\u00famero aleatorio.<\/p>\n","protected":false},"excerpt":{"rendered":"<p>1:18 Norev Porsche 911 964 Carrera 4 WTL 30 a\u00f1os 911 viola metalizado &#8211; Edici\u00f3n limitada a 999 unidades &#8211; Color interior en Rubicon Nuevo en su embalaje original. Edici\u00f3n limitada a 999 unidades, numeradas individualmente, recibir\u00e1s un n\u00famero aleatorio.<\/p>\n","protected":false},"featured_media":627361,"template":"","meta":{"footnotes":""},"product_brand":[],"product_cat":[377,407,455],"product_tag":[],"class_list":{"0":"post-202930","1":"product","2":"type-product","3":"status-publish","4":"has-post-thumbnail","6":"product_cat-1-18-es","7":"product_cat-exclusivo-es","8":"product_cat-porsche-es","10":"first","11":"instock","12":"taxable","13":"shipping-taxable","14":"purchasable","15":"product-type-simple"},"_links":{"self":[{"href":"https:\/\/www.premium-modelcars.de\/es\/wp-json\/wp\/v2\/product\/202930","targetHints":{"allow":["GET"]}}],"collection":[{"href":"https:\/\/www.premium-modelcars.de\/es\/wp-json\/wp\/v2\/product"}],"about":[{"href":"https:\/\/www.premium-modelcars.de\/es\/wp-json\/wp\/v2\/types\/product"}],"version-history":[{"count":0,"href":"https:\/\/www.premium-modelcars.de\/es\/wp-json\/wp\/v2\/product\/202930\/revisions"}],"wp:featuredmedia":[{"embeddable":true,"href":"https:\/\/www.premium-modelcars.de\/es\/wp-json\/wp\/v2\/media\/627361"}],"wp:attachment":[{"href":"https:\/\/www.premium-modelcars.de\/es\/wp-json\/wp\/v2\/media?parent=202930"}],"wp:term":[{"taxonomy":"product_brand","embeddable":true,"href":"https:\/\/www.premium-modelcars.de\/es\/wp-json\/wp\/v2\/product_brand?post=202930"},{"taxonomy":"product_cat","embeddable":true,"href":"https:\/\/www.premium-modelcars.de\/es\/wp-json\/wp\/v2\/product_cat?post=202930"},{"taxonomy":"product_tag","embeddable":true,"href":"https:\/\/www.premium-modelcars.de\/es\/wp-json\/wp\/v2\/product_tag?post=202930"}],"curies":[{"name":"wp","href":"https:\/\/api.w.org\/{rel}","templated":true}]}}