{"id":202941,"date":"2025-06-10T19:54:27","date_gmt":"2025-06-10T17:54:27","guid":{"rendered":"https:\/\/www.premium-modelcars.de\/produkt\/143-norev-porsche-taycan-turbo-gt-paquete-weissach-purpura-cielo-metalico-wap-dealer\/"},"modified":"2025-06-29T23:29:04","modified_gmt":"2025-06-29T21:29:04","slug":"143-norev-porsche-taycan-turbo-gt-paquete-weissach-purpura-cielo-metalico-wap-dealer","status":"publish","type":"product","link":"https:\/\/www.premium-modelcars.de\/es\/producto\/143-norev-porsche-taycan-turbo-gt-paquete-weissach-purpura-cielo-metalico-wap-dealer\/","title":{"rendered":"1:43 Norev Porsche Taycan Turbo GT Paquete Weissach p\u00farpura cielo met\u00e1lico WAP DEALER"},"content":{"rendered":"<p>1:43 Norev Porsche Taycan Turbo GT Paquete Weissach p\u00farpura cielo met\u00e1lico WAP DEALER<\/p>\n<p>Nuevo en su embalaje original.<\/p>\n","protected":false},"excerpt":{"rendered":"<p>1:43 Norev Porsche Taycan Turbo GT Paquete Weissach p\u00farpura cielo met\u00e1lico WAP DEALER Nuevo en su embalaje original.<\/p>\n","protected":false},"featured_media":786992,"template":"","meta":{"footnotes":""},"product_brand":[],"product_cat":[381,481,455],"product_tag":[],"class_list":{"0":"post-202941","1":"product","2":"type-product","3":"status-publish","4":"has-post-thumbnail","6":"product_cat-1-43-es","7":"product_cat-ofertas-especiales","8":"product_cat-porsche-es","10":"first","11":"instock","12":"sale","13":"taxable","14":"shipping-taxable","15":"purchasable","16":"product-type-simple"},"_links":{"self":[{"href":"https:\/\/www.premium-modelcars.de\/es\/wp-json\/wp\/v2\/product\/202941","targetHints":{"allow":["GET"]}}],"collection":[{"href":"https:\/\/www.premium-modelcars.de\/es\/wp-json\/wp\/v2\/product"}],"about":[{"href":"https:\/\/www.premium-modelcars.de\/es\/wp-json\/wp\/v2\/types\/product"}],"version-history":[{"count":1,"href":"https:\/\/www.premium-modelcars.de\/es\/wp-json\/wp\/v2\/product\/202941\/revisions"}],"predecessor-version":[{"id":202952,"href":"https:\/\/www.premium-modelcars.de\/es\/wp-json\/wp\/v2\/product\/202941\/revisions\/202952"}],"wp:featuredmedia":[{"embeddable":true,"href":"https:\/\/www.premium-modelcars.de\/es\/wp-json\/wp\/v2\/media\/786992"}],"wp:attachment":[{"href":"https:\/\/www.premium-modelcars.de\/es\/wp-json\/wp\/v2\/media?parent=202941"}],"wp:term":[{"taxonomy":"product_brand","embeddable":true,"href":"https:\/\/www.premium-modelcars.de\/es\/wp-json\/wp\/v2\/product_brand?post=202941"},{"taxonomy":"product_cat","embeddable":true,"href":"https:\/\/www.premium-modelcars.de\/es\/wp-json\/wp\/v2\/product_cat?post=202941"},{"taxonomy":"product_tag","embeddable":true,"href":"https:\/\/www.premium-modelcars.de\/es\/wp-json\/wp\/v2\/product_tag?post=202941"}],"curies":[{"name":"wp","href":"https:\/\/api.w.org\/{rel}","templated":true}]}}