{"id":202961,"date":"2025-06-13T14:50:24","date_gmt":"2025-06-13T12:50:24","guid":{"rendered":"https:\/\/www.premium-modelcars.de\/produkt\/143-spark-porsche-911-991-rsr-91-wec-final-2022-ultima-carrera-adios-wap-dealer\/"},"modified":"2025-06-29T23:29:06","modified_gmt":"2025-06-29T21:29:06","slug":"143-spark-porsche-911-991-rsr-91-wec-final-2022-ultima-carrera-adios-wap-dealer","status":"publish","type":"product","link":"https:\/\/www.premium-modelcars.de\/es\/producto\/143-spark-porsche-911-991-rsr-91-wec-final-2022-ultima-carrera-adios-wap-dealer\/","title":{"rendered":"1:43 Spark Porsche 911 (991) RSR #91 WEC Final 2022 \u00daltima carrera Adi\u00f3s WAP DEALER"},"content":{"rendered":"<p>1:43 Spark Porsche 911 (991) RSR #91 WEC Final 2022 \u00daltima carrera Adi\u00f3s WAP DEALER<\/p>\n<p>Nuevo en su embalaje original.<\/p>\n","protected":false},"excerpt":{"rendered":"<p>1:43 Spark Porsche 911 (991) RSR #91 WEC Final 2022 \u00daltima carrera Adi\u00f3s WAP DEALER Nuevo en su embalaje original.<\/p>\n","protected":false},"featured_media":657843,"template":"","meta":{"footnotes":""},"product_brand":[],"product_cat":[381,481,455],"product_tag":[],"class_list":{"0":"post-202961","1":"product","2":"type-product","3":"status-publish","4":"has-post-thumbnail","6":"product_cat-1-43-es","7":"product_cat-ofertas-especiales","8":"product_cat-porsche-es","10":"first","11":"instock","12":"sale","13":"taxable","14":"shipping-taxable","15":"purchasable","16":"product-type-simple"},"_links":{"self":[{"href":"https:\/\/www.premium-modelcars.de\/es\/wp-json\/wp\/v2\/product\/202961","targetHints":{"allow":["GET"]}}],"collection":[{"href":"https:\/\/www.premium-modelcars.de\/es\/wp-json\/wp\/v2\/product"}],"about":[{"href":"https:\/\/www.premium-modelcars.de\/es\/wp-json\/wp\/v2\/types\/product"}],"version-history":[{"count":1,"href":"https:\/\/www.premium-modelcars.de\/es\/wp-json\/wp\/v2\/product\/202961\/revisions"}],"predecessor-version":[{"id":202971,"href":"https:\/\/www.premium-modelcars.de\/es\/wp-json\/wp\/v2\/product\/202961\/revisions\/202971"}],"wp:featuredmedia":[{"embeddable":true,"href":"https:\/\/www.premium-modelcars.de\/es\/wp-json\/wp\/v2\/media\/657843"}],"wp:attachment":[{"href":"https:\/\/www.premium-modelcars.de\/es\/wp-json\/wp\/v2\/media?parent=202961"}],"wp:term":[{"taxonomy":"product_brand","embeddable":true,"href":"https:\/\/www.premium-modelcars.de\/es\/wp-json\/wp\/v2\/product_brand?post=202961"},{"taxonomy":"product_cat","embeddable":true,"href":"https:\/\/www.premium-modelcars.de\/es\/wp-json\/wp\/v2\/product_cat?post=202961"},{"taxonomy":"product_tag","embeddable":true,"href":"https:\/\/www.premium-modelcars.de\/es\/wp-json\/wp\/v2\/product_tag?post=202961"}],"curies":[{"name":"wp","href":"https:\/\/api.w.org\/{rel}","templated":true}]}}