{"id":525563,"date":"2025-11-07T12:40:49","date_gmt":"2025-11-07T11:40:49","guid":{"rendered":"https:\/\/www.premium-modelcars.de\/produkt\/118-ixo-zubehoer-autoanhaenger-anhaenger-car-trailer-silver\/"},"modified":"2026-01-15T21:01:11","modified_gmt":"2026-01-15T20:01:11","slug":"118-ixo-zubehoer-autoanhaenger-anhaenger-car-trailer-silver","status":"publish","type":"product","link":"https:\/\/www.premium-modelcars.de\/es\/producto\/118-ixo-zubehoer-autoanhaenger-anhaenger-car-trailer-silver\/","title":{"rendered":"1:18 IXO Zubeh\u00f6r Autoanh\u00e4nger Anh\u00e4nger Car Trailer silver"},"content":{"rendered":"<div>1:18 IXO Zubeh&ouml;r Autoanh&auml;nger Anh&auml;nger Car Trailer silver<\/div>\n<div>&nbsp;<\/div>\n<div>Neu in Originalverpackung.<\/div>\n","protected":false},"excerpt":{"rendered":"<p>1:18 IXO Zubeh&ouml;r Autoanh&auml;nger Anh&auml;nger Car Trailer silver &nbsp; Neu in Originalverpackung.<\/p>\n","protected":false},"featured_media":691142,"template":"","meta":{"footnotes":""},"product_brand":[],"product_cat":[96,103],"product_tag":[],"class_list":{"0":"post-525563","1":"product","2":"type-product","3":"status-publish","4":"has-post-thumbnail","6":"product_cat-1-18","7":"product_cat-zubehoer","9":"first","10":"outofstock","11":"taxable","12":"shipping-taxable","13":"purchasable","14":"product-type-simple"},"_links":{"self":[{"href":"https:\/\/www.premium-modelcars.de\/es\/wp-json\/wp\/v2\/product\/525563","targetHints":{"allow":["GET"]}}],"collection":[{"href":"https:\/\/www.premium-modelcars.de\/es\/wp-json\/wp\/v2\/product"}],"about":[{"href":"https:\/\/www.premium-modelcars.de\/es\/wp-json\/wp\/v2\/types\/product"}],"version-history":[{"count":1,"href":"https:\/\/www.premium-modelcars.de\/es\/wp-json\/wp\/v2\/product\/525563\/revisions"}],"predecessor-version":[{"id":525564,"href":"https:\/\/www.premium-modelcars.de\/es\/wp-json\/wp\/v2\/product\/525563\/revisions\/525564"}],"wp:featuredmedia":[{"embeddable":true,"href":"https:\/\/www.premium-modelcars.de\/es\/wp-json\/wp\/v2\/media\/691142"}],"wp:attachment":[{"href":"https:\/\/www.premium-modelcars.de\/es\/wp-json\/wp\/v2\/media?parent=525563"}],"wp:term":[{"taxonomy":"product_brand","embeddable":true,"href":"https:\/\/www.premium-modelcars.de\/es\/wp-json\/wp\/v2\/product_brand?post=525563"},{"taxonomy":"product_cat","embeddable":true,"href":"https:\/\/www.premium-modelcars.de\/es\/wp-json\/wp\/v2\/product_cat?post=525563"},{"taxonomy":"product_tag","embeddable":true,"href":"https:\/\/www.premium-modelcars.de\/es\/wp-json\/wp\/v2\/product_tag?post=525563"}],"curies":[{"name":"wp","href":"https:\/\/api.w.org\/{rel}","templated":true}]}}