{"id":68673,"date":"2025-05-18T14:09:10","date_gmt":"2025-05-18T12:09:10","guid":{"rendered":"https:\/\/www.premium-modelcars.de\/product\/143-collectprotect-fuer-schuco-schutzhuelle-1-stueck-pet\/"},"modified":"2026-01-16T07:16:22","modified_gmt":"2026-01-16T06:16:22","slug":"143-collectprotect-fuer-schuco-schutzhuelle-1-stueck-pet","status":"publish","type":"product","link":"https:\/\/www.premium-modelcars.de\/es\/producto\/143-collectprotect-fuer-schuco-schutzhuelle-1-stueck-pet\/","title":{"rendered":"1:43 Collect&amp;Protect f\u00fcr Schuco Schutzh\u00fclle 1 St\u00fcck PET"},"content":{"rendered":"<p>1:43 Collect&amp;Protect f&uuml;r Schuco Schutzh&uuml;lle 10 St&uuml;ck PET&nbsp;<\/p>\n<p>PET Qualit&auml;t und sehr gut passgenau.<\/p>\n","protected":false},"excerpt":{"rendered":"<p>1:43 Collect&amp;Protect f&uuml;r Schuco Schutzh&uuml;lle 10 St&uuml;ck PET&nbsp; PET Qualit&auml;t und sehr gut passgenau.<\/p>\n","protected":false},"featured_media":756251,"template":"","meta":{"footnotes":""},"product_brand":[],"product_cat":[98,103],"product_tag":[],"class_list":{"0":"post-68673","1":"product","2":"type-product","3":"status-publish","4":"has-post-thumbnail","6":"product_cat-1-43","7":"product_cat-zubehoer","9":"first","10":"outofstock","11":"taxable","12":"shipping-taxable","13":"purchasable","14":"product-type-simple"},"_links":{"self":[{"href":"https:\/\/www.premium-modelcars.de\/es\/wp-json\/wp\/v2\/product\/68673","targetHints":{"allow":["GET"]}}],"collection":[{"href":"https:\/\/www.premium-modelcars.de\/es\/wp-json\/wp\/v2\/product"}],"about":[{"href":"https:\/\/www.premium-modelcars.de\/es\/wp-json\/wp\/v2\/types\/product"}],"version-history":[{"count":0,"href":"https:\/\/www.premium-modelcars.de\/es\/wp-json\/wp\/v2\/product\/68673\/revisions"}],"wp:featuredmedia":[{"embeddable":true,"href":"https:\/\/www.premium-modelcars.de\/es\/wp-json\/wp\/v2\/media\/756251"}],"wp:attachment":[{"href":"https:\/\/www.premium-modelcars.de\/es\/wp-json\/wp\/v2\/media?parent=68673"}],"wp:term":[{"taxonomy":"product_brand","embeddable":true,"href":"https:\/\/www.premium-modelcars.de\/es\/wp-json\/wp\/v2\/product_brand?post=68673"},{"taxonomy":"product_cat","embeddable":true,"href":"https:\/\/www.premium-modelcars.de\/es\/wp-json\/wp\/v2\/product_cat?post=68673"},{"taxonomy":"product_tag","embeddable":true,"href":"https:\/\/www.premium-modelcars.de\/es\/wp-json\/wp\/v2\/product_tag?post=68673"}],"curies":[{"name":"wp","href":"https:\/\/api.w.org\/{rel}","templated":true}]}}